{"id":79,"date":"2017-02-15T14:44:23","date_gmt":"2017-02-15T14:44:23","guid":{"rendered":"http:\/\/blog.alfiobardolla.com\/?page_id=79"},"modified":"2025-04-30T17:42:54","modified_gmt":"2025-04-30T15:42:54","slug":"societa-di-revisione","status":"publish","type":"page","link":"https:\/\/www.alfiobardolla.com\/investor\/societa-di-revisione\/","title":{"rendered":"Societ\u00e0 di Revisione"},"content":{"rendered":"\t\t<div data-elementor-type=\"wp-page\" data-elementor-id=\"79\" class=\"elementor elementor-79\" data-elementor-post-type=\"page\">\n\t\t\t\t\t\t<section class=\"elementor-section elementor-top-section elementor-element elementor-element-hcetnrv elementor-section-boxed elementor-section-height-default elementor-section-height-default\" data-id=\"hcetnrv\" data-element_type=\"section\">\n\t\t\t\t\t\t<div class=\"elementor-container elementor-column-gap-default\">\n\t\t\t\t\t<div class=\"elementor-column elementor-col-100 elementor-top-column elementor-element elementor-element-plsuwjm\" data-id=\"plsuwjm\" data-element_type=\"column\">\n\t\t\t<div class=\"elementor-widget-wrap elementor-element-populated\">\n\t\t\t\t\t\t<div class=\"elementor-element elementor-element-jvhnipe elementor-widget elementor-widget-text-editor\" data-id=\"jvhnipe\" data-element_type=\"widget\" data-widget_type=\"text-editor.default\">\n\t\t\t\t<div class=\"elementor-widget-container\">\n\t\t\t\t\t\t\t\t\t<p>La Societ\u00e0 di Revisione, incaricata della revisione legale dei conti, \u00e8 tenuta per legge, a verificare la regolare tenuta della contabilit\u00e0 e la corretta rilevazione dei fatti di gestione nelle scritture contabili nonch\u00e9 la conformit\u00e0 del bilancio d&#8217;esercizio e consolidato alle norme che ne disciplinano la redazione e la rappresentazione corretta e veritiera in tali documenti della situazione patrimoniale e finanziaria e del risultato economico dell&#8217;esercizio, esprimendo al riguardo un giudizio sia sul bilancio che sulla coerenza delle relazione sulla gestione con il bilancio stesso.<br \/>Essa svolge anche gli ulteriori controlli richiesti da normative, anche di settore e gli ulteriori servizi ad essa affidati dal Consiglio di Amministrazione, ove non incompatibili con l&#8217;incarico di revisione legale dei conti.<br \/>L&#8217;incarico per la revisione legale dei conti deve essere attribuito ad una societ\u00e0 iscritta nel registro dei revisori legali.<br \/>Il conferimento dell&#8217;incarico per la revisione legale dei conti spetta all&#8217;assemblea, che ne stabilisce altres\u00ec il compenso, su proposta motivata del Collegio Sindacale.<\/p><p>L&#8217;incarico dell&#8217;attuale revisore DELOITTE &amp; TOUCHE SpA \u00e8 valido dal 2024\/2026.<\/p>\t\t\t\t\t\t\t\t<\/div>\n\t\t\t\t<\/div>\n\t\t\t\t\t<\/div>\n\t\t<\/div>\n\t\t\t\t\t<\/div>\n\t\t<\/section>\n\t\t\t\t<\/div>\n\t\t","protected":false},"excerpt":{"rendered":"<p>La Societ\u00e0 di Revisione, incaricata della revisione legale dei conti, \u00e8 tenuta per legge, a verificare la regolare tenuta della contabilit\u00e0 e la corretta rilevazione dei fatti di gestione nelle scritture contabili nonch\u00e9 la conformit\u00e0 del bilancio d&#8217;esercizio e consolidato alle norme che ne disciplinano la redazione e la rappresentazione corretta e veritiera in tali &hellip; <a href=\"https:\/\/www.alfiobardolla.com\/investor\/societa-di-revisione\/\" class=\"more-link\">Leggi tutto<span class=\"screen-reader-text\"> &#8220;Societ\u00e0 di Revisione&#8221;<\/span><\/a><\/p>\n","protected":false},"author":1,"featured_media":0,"parent":0,"menu_order":0,"comment_status":"closed","ping_status":"closed","template":"","meta":{"footnotes":""},"class_list":["post-79","page","type-page","status-publish","hentry"],"_links":{"self":[{"href":"https:\/\/www.alfiobardolla.com\/investor\/wp-json\/wp\/v2\/pages\/79","targetHints":{"allow":["GET"]}}],"collection":[{"href":"https:\/\/www.alfiobardolla.com\/investor\/wp-json\/wp\/v2\/pages"}],"about":[{"href":"https:\/\/www.alfiobardolla.com\/investor\/wp-json\/wp\/v2\/types\/page"}],"author":[{"embeddable":true,"href":"https:\/\/www.alfiobardolla.com\/investor\/wp-json\/wp\/v2\/users\/1"}],"replies":[{"embeddable":true,"href":"https:\/\/www.alfiobardolla.com\/investor\/wp-json\/wp\/v2\/comments?post=79"}],"version-history":[{"count":3,"href":"https:\/\/www.alfiobardolla.com\/investor\/wp-json\/wp\/v2\/pages\/79\/revisions"}],"predecessor-version":[{"id":3282,"href":"https:\/\/www.alfiobardolla.com\/investor\/wp-json\/wp\/v2\/pages\/79\/revisions\/3282"}],"wp:attachment":[{"href":"https:\/\/www.alfiobardolla.com\/investor\/wp-json\/wp\/v2\/media?parent=79"}],"curies":[{"name":"wp","href":"https:\/\/api.w.org\/{rel}","templated":true}]}}