{"id":75,"date":"2017-02-15T14:43:54","date_gmt":"2017-02-15T14:43:54","guid":{"rendered":"http:\/\/blog.alfiobardolla.com\/?page_id=75"},"modified":"2025-04-30T17:40:27","modified_gmt":"2025-04-30T15:40:27","slug":"consiglio-di-amministrazione","status":"publish","type":"page","link":"https:\/\/www.alfiobardolla.com\/investor\/consiglio-di-amministrazione\/","title":{"rendered":"Consiglio di amministrazione"},"content":{"rendered":"\t\t<div data-elementor-type=\"wp-post\" data-elementor-id=\"75\" class=\"elementor elementor-75\" data-elementor-post-type=\"page\">\n\t\t\t\t\t\t<section class=\"elementor-section elementor-top-section elementor-element elementor-element-zqvkbyt elementor-section-boxed elementor-section-height-default elementor-section-height-default\" data-id=\"zqvkbyt\" data-element_type=\"section\">\n\t\t\t\t\t\t<div class=\"elementor-container elementor-column-gap-default\">\n\t\t\t\t\t<div class=\"elementor-column elementor-col-100 elementor-top-column elementor-element elementor-element-vsxacic\" data-id=\"vsxacic\" data-element_type=\"column\">\n\t\t\t<div class=\"elementor-widget-wrap elementor-element-populated\">\n\t\t\t\t\t\t<div class=\"elementor-element elementor-element-cdktsy3 elementor-widget elementor-widget-text-editor\" data-id=\"cdktsy3\" data-element_type=\"widget\" data-widget_type=\"text-editor.default\">\n\t\t\t\t<div class=\"elementor-widget-container\">\n\t\t\t\t\t\t\t\t\t<p>Il consiglio di amministrazione di <strong>Alfio Bardolla Training Group S.p.A<\/strong>. \u00e8 composto da professionisti con dimostrate competenze nel core business dell&#8217;azienda e nell&#8217;attivit\u00e0 di accompagnamento al mercato finanziario. Il consiglio di amministrazione scadr\u00e0 con l&#8217;assemblea di approvazione del bilancio 2027.<\/p>\t\t\t\t\t\t\t\t<\/div>\n\t\t\t\t<\/div>\n\t\t\t\t<div class=\"elementor-element elementor-element-72nyh1n elementor-widget elementor-widget-shortcode\" data-id=\"72nyh1n\" data-element_type=\"widget\" data-widget_type=\"shortcode.default\">\n\t\t\t\t<div class=\"elementor-widget-container\">\n\t\t\t\t\t\t\t<div class=\"elementor-shortcode\">\n<table id=\"tablepress-3\" class=\"tablepress tablepress-id-3 tbody-has-connected-cells\">\n<thead>\n<tr class=\"row-1\">\n\t<th class=\"column-1\">Elenco membri del CdA<\/th><th class=\"column-2\">Cariche<\/th><th class=\"column-3\">Visualizza CV<\/th>\n<\/tr>\n<\/thead>\n<tbody class=\"row-striping row-hover\">\n<tr class=\"row-2\">\n\t<td class=\"column-1\">Alfio Bardolla<\/td><td class=\"column-2\">Presidente e CEO<\/td><td class=\"column-3\"><a href=\"https:\/\/www.alfiobardolla.com\/investor\/wp-content\/uploads\/2025\/05\/Alfio-Bardolla-CV.pdf\"><img decoding=\"async\" src=\"http:\/\/www.alfiobardolla.com\/investor\/wp-content\/uploads\/2017\/06\/ico_download.png\" alt=\"\" width=\"30\" height=\"30\" class=\"alignnone size-full wp-image-531\" \/><\/a><\/td>\n<\/tr>\n<tr class=\"row-3\">\n\t<td class=\"column-1\">Federica Parigi<\/td><td class=\"column-2\">Consigliere<\/td><td class=\"column-3\"><a href=\"https:\/\/www.alfiobardolla.com\/investor\/wp-content\/uploads\/2025\/05\/Federica-Parigi-CV.pdf\"><img decoding=\"async\" src=\"http:\/\/www.alfiobardolla.com\/investor\/wp-content\/uploads\/2017\/06\/ico_download.png\" alt=\"\" width=\"30\" height=\"30\" class=\"alignnone size-full wp-image-531\" \/><\/a><\/td>\n<\/tr>\n<tr class=\"row-4\">\n\t<td class=\"column-1\">Nicola De Biase<\/td><td class=\"column-2\">Consigliere<\/td><td class=\"column-3\"><a href=\"https:\/\/www.alfiobardolla.com\/investor\/wp-content\/uploads\/2025\/05\/Nicola-De-Biase-CV.pdf\"><img decoding=\"async\" src=\"http:\/\/www.alfiobardolla.com\/investor\/wp-content\/uploads\/2017\/06\/ico_download.png\" alt=\"\" width=\"30\" height=\"30\" class=\"alignnone size-full wp-image-531\" \/><\/a><\/td>\n<\/tr>\n<tr class=\"row-5\">\n\t<td class=\"column-1\">Robert Allen<\/td><td class=\"column-2\">Consigliere<\/td><td class=\"column-3\"><a href=\"https:\/\/www.alfiobardolla.com\/investor\/wp-content\/uploads\/2025\/05\/Robert-G.-Allen-CV.pdf\"><img decoding=\"async\" src=\"http:\/\/www.alfiobardolla.com\/investor\/wp-content\/uploads\/2017\/06\/ico_download.png\" alt=\"\" width=\"30\" height=\"30\" class=\"alignnone size-full wp-image-531\" \/><\/a><\/td>\n<\/tr>\n<tr class=\"row-6\">\n\t<td class=\"column-1\">Vittorio Rocchetti*<\/td><td class=\"column-2\">Consigliere<\/td><td class=\"column-3\"><a href=\"https:\/\/www.alfiobardolla.com\/investor\/wp-content\/uploads\/2025\/05\/Vittorio-Rocchetti-CV.pdf\"><img decoding=\"async\" src=\"http:\/\/www.alfiobardolla.com\/investor\/wp-content\/uploads\/2017\/06\/ico_download.png\" alt=\"\" width=\"30\" height=\"30\" class=\"alignnone size-full wp-image-531\" \/><\/a><\/td>\n<\/tr>\n<tr class=\"row-7\">\n\t<td class=\"column-1\"><\/td><td class=\"column-2\"><\/td><td class=\"column-3\"><\/td>\n<\/tr>\n<tr class=\"row-8\">\n\t<td colspan=\"3\" class=\"column-1\">(*) Amministratore in possesso dei requisiti di indipendenza previsti dall'articolo 148,<br \/>\ncomma 3, del D. Lgs. 58\/98.<\/td>\n<\/tr>\n<\/tbody>\n<\/table>\n<!-- #tablepress-3 from cache --><\/div>\n\t\t\t\t\t\t<\/div>\n\t\t\t\t<\/div>\n\t\t\t\t\t<\/div>\n\t\t<\/div>\n\t\t\t\t\t<\/div>\n\t\t<\/section>\n\t\t\t\t<\/div>\n\t\t","protected":false},"excerpt":{"rendered":"<p>Il consiglio di amministrazione di Alfio Bardolla Training Group S.p.A. \u00e8 composto da professionisti con dimostrate competenze nel core business dell&#8217;azienda e nell&#8217;attivit\u00e0 di accompagnamento al mercato finanziario. Il consiglio di amministrazione scadr\u00e0 con l&#8217;assemblea di approvazione del bilancio 2027.<\/p>\n","protected":false},"author":1,"featured_media":0,"parent":0,"menu_order":0,"comment_status":"closed","ping_status":"closed","template":"","meta":{"footnotes":""},"class_list":["post-75","page","type-page","status-publish","hentry"],"_links":{"self":[{"href":"https:\/\/www.alfiobardolla.com\/investor\/wp-json\/wp\/v2\/pages\/75","targetHints":{"allow":["GET"]}}],"collection":[{"href":"https:\/\/www.alfiobardolla.com\/investor\/wp-json\/wp\/v2\/pages"}],"about":[{"href":"https:\/\/www.alfiobardolla.com\/investor\/wp-json\/wp\/v2\/types\/page"}],"author":[{"embeddable":true,"href":"https:\/\/www.alfiobardolla.com\/investor\/wp-json\/wp\/v2\/users\/1"}],"replies":[{"embeddable":true,"href":"https:\/\/www.alfiobardolla.com\/investor\/wp-json\/wp\/v2\/comments?post=75"}],"version-history":[{"count":3,"href":"https:\/\/www.alfiobardolla.com\/investor\/wp-json\/wp\/v2\/pages\/75\/revisions"}],"predecessor-version":[{"id":3276,"href":"https:\/\/www.alfiobardolla.com\/investor\/wp-json\/wp\/v2\/pages\/75\/revisions\/3276"}],"wp:attachment":[{"href":"https:\/\/www.alfiobardolla.com\/investor\/wp-json\/wp\/v2\/media?parent=75"}],"curies":[{"name":"wp","href":"https:\/\/api.w.org\/{rel}","templated":true}]}}