{"id":160,"date":"2017-02-15T15:25:26","date_gmt":"2017-02-15T15:25:26","guid":{"rendered":"http:\/\/blog.alfiobardolla.com\/?page_id=160"},"modified":"2017-07-27T07:24:13","modified_gmt":"2017-07-27T07:24:13","slug":"documento-di-ammissione","status":"publish","type":"page","link":"https:\/\/www.alfiobardolla.com\/investor\/documento-di-ammissione\/","title":{"rendered":"Documento di Ammissione"},"content":{"rendered":"\t\t<div data-elementor-type=\"wp-page\" data-elementor-id=\"160\" class=\"elementor elementor-160 elementor-bc-flex-widget\" data-elementor-post-type=\"page\">\n\t\t\t\t\t\t<section class=\"elementor-section elementor-top-section elementor-element elementor-element-s8bm1lv elementor-section-boxed elementor-section-height-default elementor-section-height-default\" data-id=\"s8bm1lv\" data-element_type=\"section\">\n\t\t\t\t\t\t<div class=\"elementor-container elementor-column-gap-default\">\n\t\t\t\t\t<div class=\"elementor-column elementor-col-100 elementor-top-column elementor-element elementor-element-tnow2u0\" data-id=\"tnow2u0\" data-element_type=\"column\">\n\t\t\t<div class=\"elementor-widget-wrap elementor-element-populated\">\n\t\t\t\t\t\t<div class=\"elementor-element elementor-element-pv2w4yi elementor-widget elementor-widget-text-editor\" data-id=\"pv2w4yi\" data-element_type=\"widget\" data-widget_type=\"text-editor.default\">\n\t\t\t\t<div class=\"elementor-widget-container\">\n\t\t\t\t\t\t\t\t\t<p><strong>Disclaimer Documento di Ammissione<\/strong><\/p><p>Per poter accedere al documento di ammissione (il \u201c<strong>Documento di Ammissione<\/strong>\u201d), \u00e8 necessario leggere e accettare l\u2019informativa di seguito riportata che il lettore deve valutare attentamente prima di leggere, accedere, utilizzare o comunque trattare in qualsiasi altra maniera le informazioni di seguito fornite. Accedendo al presente sito web, si accetta di essere soggetti ai termini e alle condizioni di seguito riportati e a qualsivoglia successivo aggiornamento degli stessi.<\/p><p>Il Documento di Ammissione pubblicato nella presente sezione del sito web \u00e8 stato redatto in conformit\u00e0 al regolamento emittenti AIM Italia \/ Mercato Alternativo del Capitale (\u201cRegolamento Emittenti AIM\u201d) ai fini dell\u2019ammissione alle negoziazioni delle azioni ordinarie di Alfio Bardolla Training Group S.p.A. su tale sistema multilaterale di negoziazione, organizzato e gestito da Borsa Italiana S.p.A.<\/p><p>Il Documento di Ammissione e l\u2019operazione descritta nel medesimo non costituiscono un\u2019offerta al pubblico di strumenti finanziari n\u00e9 un\u2019ammissione di strumenti finanziari in un mercato regolamentato, cos\u00ec come definiti dal D. Lgs. n. 58 del 24 febbraio 1998 (\u201cTUF\u201d), dal regolamento Consob n. 11971 del 14 maggio 1999 (\u201cRegolamento Emittenti\u201d), come successivamente modificati ed integrati, e dalle equivalenti disposizioni di legge e regolamentari applicabili all\u2019estero. Ne consegue che non si rende necessaria la redazione di un prospetto secondo gli schemi previsti dal Regolamento 809\/2004\/CE, salvo quanto richiesto dal Regolamento Emittenti AIM.<\/p><p>Il Documento di Ammissione non costituisce, pertanto, un prospetto e la sua pubblicazione non deve essere autorizzata dalla Consob ai sensi della Direttiva 2003\/71\/CE o di qualsiasi altra norma o regolamento disciplinante la redazione e la pubblicazione dei prospetti informativi ai sensi degli articoli 94 e 113 del TUF, ivi incluso il Regolamento Emittenti, come successivamente modificato e integrato.<\/p><p>La presente sezione del sito web, il Documento di Ammissione e ogni altra informazione contenuta nelle seguenti pagine sono accessibili solo da soggetti che: (i) sono residenti in Italia e che non sono domiciliati n\u00e9 comunque si trovano attualmente negli Stati Uniti d\u2019America, Australia, Giappone, Canada, nonch\u00e9 in qualsiasi altro Paese in cui la diffusione del Documento di Ammissione e\/o di tali informazioni richieda l\u2019approvazione delle competenti Autorit\u00e0 locali o sia in violazione di norme o regolamenti locali (\u201cAltri Paesi\u201d) e (ii) non sono \u201cU.S. Person\u201d secondo la definizione contenuta nella Regulation S dello United States Securities Act del 1933, come successivamente modificato e integrato, n\u00e9 sono soggetti che agiscono per loro conto o a loro beneficio senza l\u2019esistenza di un\u2019apposita registrazione o di una specifica esenzione alla registrazione prevista ai sensi dello United States Securities Act e della normativa vigente.<\/p><p>Alle \u201cU.S. Person\u201d nel senso sopra indicato \u00e8 preclusa ogni possibilit\u00e0 di accesso alla presente sezione del sito web, di download, memorizzazione e\/o salvataggio temporanei o duraturi del Documento di Ammissione e di ogni altra informazione contenuta nella presente sezione del sito web. Le informazioni contenute nella presente sezione del sito web non possono essere copiate o inoltrate.<\/p><p>Per nessuna ragione e in nessuna circostanza \u00e8 consentito far circolare, direttamente o tramite terzi, il Documento di Ammissione e ogni altra informazione contenuta nella presente sezione del sito web a soggetti che si trovino nelle condizioni di cui a punti (i) e (ii) che precedono e, in particolare, negli Stati Uniti, in Australia, in Giappone, in Canada o negli Altri Paesi.<\/p><p>Le informazioni contenute in questo sito web (o in qualsiasi altro sito col quale il presente sito web abbia eventualmente collegamenti ipertestuali) non costituiscono offerta, invito ad offrire o attivit\u00e0 promozionale in relazione alle azioni nei confronti di alcun cittadino o soggetto residente in Canada, Australia, Giappone o negli Stati Uniti d\u2019America o in qualsiasi Altro Paese nel quale tali atti non siano consentiti in assenza di specifiche esenzioni o autorizzazioni da parte delle competenti autorit\u00e0.<\/p><p>Le azioni non sono n\u00e9 saranno oggetto di registrazione ai sensi dello United States Securities Act del 1933, cos\u00ec come modificato, o presso alcuna autorit\u00e0 regolamentare di qualsiasi Stato o altra giurisdizione degli Stati Uniti d\u2019America e non potranno essere offerte o vendute negli Stati Uniti d\u2019America o a, o per conto o a beneficio di, una U.S. Person, nel senso sopra indicato, in assenza di tale registrazione o di espressa esenzione da tale adempimento o in Altri Paesi in cui l\u2019offerta di azioni sia soggetta a limitazioni in base alla normativa vigente.<\/p><p>La Regulation S dello United States Securities Act del 1933, come successivamente modificato e integrato, definisce quale \u201cU.S. Person\u201d: (a) ogni persona fisica residente negli Stati Uniti; (b) le \u201cpartnerships\u201d e le \u201ccorporations\u201d costituite e organizzate secondo la legislazione vigente negli Stati Uniti; (c) ogni propriet\u00e0 i cui amministratori o gestori siano una \u201cU.S. Person\u201d; (d) i trust il cui trustee sia una \u201cU.S. Person\u201d; (e) ogni agenzia, filiale o succursale di un soggetto che abbia sede negli Stati Uniti; (f) i conti di carattere non discrezionale (\u201cnon-discretionary accounts\u201d); (g) altri conti simili (eccetto propriet\u00e0 o trust), gestiti o amministrati fiduciariamente per conto o a beneficio di una \u201cU.S. Person\u201d; (h) le \u201cpartnerships\u201d e le \u201ccorporations\u201d se (i) costituite ed organizzate secondo le leggi di qualsiasi giurisdizione straniera e (ii) costituite da una \u201cU.S. Person\u201d con il principale obiettivo di investire in titoli non registrati ai sensi del United States Securities Act del 1933, come successivamente modificato, salvo che siano costituite o organizzate e possedute da investitori accreditati (secondo la definizione contenuta nel Rule 501(a) dello United States Securities Act del 1933) che non siano persone fisiche, propriet\u00e0 o trust.<\/p><p>Per accedere alla presente sezione del sito web, al Documento di Ammissione e ad ogni altra informazione contenuta nelle seguenti pagine, dichiaro sotto la mia piena responsabilit\u00e0 di essere residente in Italia e di non essere domiciliato n\u00e9 di trovarmi attualmente negli Stati Uniti d\u2019America, in Australia, Giappone, in Canada o negli Altri Paesi e di non essere una \u201cU.S. Person\u201d come definita nella Regulation S dello United States Securities Act del 1933, come successivamente modificato.<\/p>\t\t\t\t\t\t\t\t<\/div>\n\t\t\t\t<\/div>\n\t\t\t\t<div class=\"elementor-element elementor-element-8uqn744 elementor-button-danger elementor-widget elementor-widget-button\" data-id=\"8uqn744\" data-element_type=\"widget\" data-widget_type=\"button.default\">\n\t\t\t\t<div class=\"elementor-widget-container\">\n\t\t\t\t\t\t\t\t\t<div class=\"elementor-button-wrapper\">\n\t\t\t\t\t<a class=\"elementor-button elementor-button-link elementor-size-sm\" href=\"https:\/\/www.alfiobardolla.com\/investor\/download\/927\/\" target=\"_blank\" rel=\"nofollow\">\n\t\t\t\t\t\t<span class=\"elementor-button-content-wrapper\">\n\t\t\t\t\t\t\t\t\t<span class=\"elementor-button-text\">CONFERMO DI AVER LETTO ED ACCETTATO I TERMINI E LE CONDIZIONI DI CUI SOPRA<\/span>\n\t\t\t\t\t<\/span>\n\t\t\t\t\t<\/a>\n\t\t\t\t<\/div>\n\t\t\t\t\t\t\t\t<\/div>\n\t\t\t\t<\/div>\n\t\t\t\t\t<\/div>\n\t\t<\/div>\n\t\t\t\t\t<\/div>\n\t\t<\/section>\n\t\t\t\t<\/div>\n\t\t","protected":false},"excerpt":{"rendered":"<p>Disclaimer Documento di Ammissione Per poter accedere al documento di ammissione (il \u201cDocumento di Ammissione\u201d), \u00e8 necessario leggere e accettare l\u2019informativa di seguito riportata che il lettore deve valutare attentamente prima di leggere, accedere, utilizzare o comunque trattare in qualsiasi altra maniera le informazioni di seguito fornite. Accedendo al presente sito web, si accetta di &hellip; <a href=\"https:\/\/www.alfiobardolla.com\/investor\/documento-di-ammissione\/\" class=\"more-link\">Leggi tutto<span class=\"screen-reader-text\"> &#8220;Documento di Ammissione&#8221;<\/span><\/a><\/p>\n","protected":false},"author":1,"featured_media":0,"parent":0,"menu_order":0,"comment_status":"closed","ping_status":"closed","template":"","meta":{"footnotes":""},"class_list":["post-160","page","type-page","status-publish","hentry"],"_links":{"self":[{"href":"https:\/\/www.alfiobardolla.com\/investor\/wp-json\/wp\/v2\/pages\/160","targetHints":{"allow":["GET"]}}],"collection":[{"href":"https:\/\/www.alfiobardolla.com\/investor\/wp-json\/wp\/v2\/pages"}],"about":[{"href":"https:\/\/www.alfiobardolla.com\/investor\/wp-json\/wp\/v2\/types\/page"}],"author":[{"embeddable":true,"href":"https:\/\/www.alfiobardolla.com\/investor\/wp-json\/wp\/v2\/users\/1"}],"replies":[{"embeddable":true,"href":"https:\/\/www.alfiobardolla.com\/investor\/wp-json\/wp\/v2\/comments?post=160"}],"version-history":[{"count":0,"href":"https:\/\/www.alfiobardolla.com\/investor\/wp-json\/wp\/v2\/pages\/160\/revisions"}],"wp:attachment":[{"href":"https:\/\/www.alfiobardolla.com\/investor\/wp-json\/wp\/v2\/media?parent=160"}],"curies":[{"name":"wp","href":"https:\/\/api.w.org\/{rel}","templated":true}]}}