{"id":146,"date":"2017-02-15T15:24:01","date_gmt":"2017-02-15T15:24:01","guid":{"rendered":"http:\/\/blog.alfiobardolla.com\/?page_id=146"},"modified":"2024-04-30T08:51:37","modified_gmt":"2024-04-30T08:51:37","slug":"informazioni-per-azionisti","status":"publish","type":"page","link":"https:\/\/www.alfiobardolla.com\/investor\/informazioni-per-azionisti\/","title":{"rendered":"Informazioni per azionisti"},"content":{"rendered":"\t\t<div data-elementor-type=\"wp-page\" data-elementor-id=\"146\" class=\"elementor elementor-146\" data-elementor-post-type=\"page\">\n\t\t\t\t\t\t<section class=\"elementor-section elementor-top-section elementor-element elementor-element-xfxknh4 elementor-section-boxed elementor-section-height-default elementor-section-height-default\" data-id=\"xfxknh4\" data-element_type=\"section\">\n\t\t\t\t\t\t<div class=\"elementor-container elementor-column-gap-default\">\n\t\t\t\t\t<div class=\"elementor-column elementor-col-100 elementor-top-column elementor-element elementor-element-wa8kc7i\" data-id=\"wa8kc7i\" data-element_type=\"column\">\n\t\t\t<div class=\"elementor-widget-wrap elementor-element-populated\">\n\t\t\t\t\t\t<div class=\"elementor-element elementor-element-crbqbhh elementor-widget elementor-widget-text-editor\" data-id=\"crbqbhh\" data-element_type=\"widget\" data-widget_type=\"text-editor.default\">\n\t\t\t\t<div class=\"elementor-widget-container\">\n\t\t\t\t\t\t\t\t\t<p><strong>AZIONARIATO<\/strong><\/p>\t\t\t\t\t\t\t\t<\/div>\n\t\t\t\t<\/div>\n\t\t\t\t\t<\/div>\n\t\t<\/div>\n\t\t\t\t\t<\/div>\n\t\t<\/section>\n\t\t\t\t<section class=\"elementor-section elementor-top-section elementor-element elementor-element-gsupajl elementor-section-boxed elementor-section-height-default elementor-section-height-default\" data-id=\"gsupajl\" data-element_type=\"section\">\n\t\t\t\t\t\t<div class=\"elementor-container elementor-column-gap-default\">\n\t\t\t\t\t<div class=\"elementor-column elementor-col-100 elementor-top-column elementor-element elementor-element-k4dsa4i\" data-id=\"k4dsa4i\" data-element_type=\"column\">\n\t\t\t<div class=\"elementor-widget-wrap elementor-element-populated\">\n\t\t\t\t\t\t<div class=\"elementor-element elementor-element-sihi9qq elementor-widget elementor-widget-image\" data-id=\"sihi9qq\" data-element_type=\"widget\" data-widget_type=\"image.default\">\n\t\t\t\t<div class=\"elementor-widget-container\">\n\t\t\t\t\t\t\t\t\t\t\t\t\t\t\t<img fetchpriority=\"high\" decoding=\"async\" width=\"535\" height=\"351\" src=\"https:\/\/www.alfiobardolla.com\/investor\/wp-content\/uploads\/2024\/04\/Screenshot-2024-04-30-105047.png\" class=\"attachment-medium_large size-medium_large wp-image-2948\" alt=\"\" srcset=\"https:\/\/www.alfiobardolla.com\/investor\/wp-content\/uploads\/2024\/04\/Screenshot-2024-04-30-105047.png 535w, https:\/\/www.alfiobardolla.com\/investor\/wp-content\/uploads\/2024\/04\/Screenshot-2024-04-30-105047-300x197.png 300w\" sizes=\"(max-width: 535px) 85vw, 535px\" \/>\t\t\t\t\t\t\t\t\t\t\t\t\t\t\t<\/div>\n\t\t\t\t<\/div>\n\t\t\t\t\t<\/div>\n\t\t<\/div>\n\t\t\t\t\t<\/div>\n\t\t<\/section>\n\t\t\t\t<section class=\"elementor-section elementor-top-section elementor-element elementor-element-fwrmpqp elementor-section-boxed elementor-section-height-default elementor-section-height-default\" data-id=\"fwrmpqp\" data-element_type=\"section\">\n\t\t\t\t\t\t<div class=\"elementor-container elementor-column-gap-default\">\n\t\t\t\t\t<div class=\"elementor-column elementor-col-100 elementor-top-column elementor-element elementor-element-bpbksyu\" data-id=\"bpbksyu\" data-element_type=\"column\">\n\t\t\t<div class=\"elementor-widget-wrap elementor-element-populated\">\n\t\t\t\t\t\t<div class=\"elementor-element elementor-element-qmuzeon elementor-widget elementor-widget-text-editor\" data-id=\"qmuzeon\" data-element_type=\"widget\" data-widget_type=\"text-editor.default\">\n\t\t\t\t<div class=\"elementor-widget-container\">\n\t\t\t\t\t\t\t\t\t\n<table id=\"tablepress-1\" class=\"tablepress tablepress-id-1\">\n<thead>\n<tr class=\"row-1\">\n\t<th colspan=\"2\" class=\"column-1\">Informazioni per gli azionisti<\/th>\n<\/tr>\n<\/thead>\n<tbody class=\"row-striping row-hover\">\n<tr class=\"row-2\">\n\t<td class=\"column-1\">Emittente<\/td><td class=\"column-2\">Alfio Bardolla Training Group S.p.A., Capitale sociale Euro 2.694.702,50 rappresentato da 5.391.675 azioni ordinarie<\/td>\n<\/tr>\n<tr class=\"row-3\">\n\t<td class=\"column-1\">Struttura dell&#8217;operazione<\/td><td class=\"column-2\">Aumento di capitale in offerta ai sensi dell&#8217;art.100 D.Lgs. 24\/02\/1998 n.58 (TUF) per max Euro 4.999.999 per investitori qualificati e per soggetti diversi in esenzione art. 34,1,c, reg. 11971<\/td>\n<\/tr>\n<tr class=\"row-4\">\n\t<td class=\"column-1\">Compagine azionaria<\/td><td class=\"column-2\">Jaguar Holding possiede il 48,77%<br \/>\nMercato possiede il 47,30%<br \/>\nAltri soci non ancora dematerializzati 1,01%<\/td>\n<\/tr>\n<tr class=\"row-5\">\n\t<td class=\"column-1\">Consulenti principali<\/td><td class=\"column-2\">Nomad<br \/>\n<img decoding=\"async\" src=\"https:\/\/www.alfiobardolla.com\/investor\/wp-content\/uploads\/2020\/01\/LOGO.jpg\" alt=\"\" width=\"300\" height=\"51\" class=\"alignnone size-medium wp-image-296\" \/><br \/>\nMit Sim Spa<br \/>\n<img decoding=\"async\" src=\"https:\/\/www.alfiobardolla.com\/investor\/wp-content\/uploads\/2022\/04\/logo_MiT_206-85.png\" alt=\"\" width=\"300\" height=\"51\" class=\"alignnone size-medium wp-image-296\" \/><br \/>\n<\/td>\n<\/tr>\n<\/tbody>\n<\/table>\n<!-- #tablepress-1 from cache --><p><strong>Obblighi informativi degli Azionisti Significativi<\/strong><\/p><p>Ai sensi del Regolamento Emittenti AIM Italia, Alfio Bardolla Training Group S.p.A (la &#8220;Societ\u00e0&#8221;) deve comunicare senza indugio e mettere a disposizione del pubblico qualunque Cambiamento Sostanziale comunicato dagli Azionisti Significativi in materia di assetti proprietari. Ai sensi del Regolamento Emittenti AIM Italia, chiunque detenga almeno il 5% di una categoria di strumenti finanziari Alfio Bardolla Training Group S.p.A \u00e8 un &#8220;Azionista Significativo&#8221;.<\/p><p>Il raggiungimento o il superamento delle soglie del 5%, 10%, 15%, 20%, 25%, 30%, 35%, 40%, 45%, 50%, 66,6%, 75%, 90% e 95% ai sensi della Disciplina sulla Trasparenza costituisce un &#8220;Cambiamento Sostanziale&#8221;. La &#8220;Disciplina sulla Trasparenza&#8221; \u00e8 rappresentata dalla normativa in tema di trasparenza e di informativa pubblicata nel Testo Unico della Finanza e nei Regolamenti Consob, cos\u00ec come aggiornata.<\/p><p>Al fine di consentire alla Societ\u00e0 di ottemperare agli obblighi informativi cui essa \u00e8 soggetta ai sensi del Regolamento Emittenti AIM Italia, ciascun Azionista Significativo deve comunicare alla Societ\u00e0, entro 5 giorni di negoziazione AIM Italia, decorrenti dal compimento dell&#8217;operazione o dal verificarsi dell&#8217;evento che ha comportato il Cambiamento Sostanziale, le seguenti informazioni:<\/p><ul><li>l&#8217;identit\u00e0 degli Azionisti Significativi coinvolti;<\/li><li>la data in cui Alfio Bardolla Training Group S.p.A \u00e8 stata informata;<\/li><li>la data in cui \u00e8 avvenuto il Cambiamento Sostanziale delle partecipazioni;<\/li><li>il prezzo, l&#8217;ammontare e la categoria degli strumenti finanziari Alfio Bardolla Training Group S.p.A coinvolti;<\/li><li>la natura dell&#8217;operazione;<\/li><li>la natura e l&#8217;entit\u00e0 della partecipazione dell&#8217;Azionista Significativo nell&#8217;operazione.<\/li><\/ul><p>La comunicazione del Cambiamento Sostanziale dovr\u00e0 essere effettuata a cura dell&#8217;Azionista Significativo mediante comunicazione scritta da inviarsi al Consiglio di Amministrazione della Societ\u00e0, tramite raccomandata A.R., anticipata via fax, contenente le informazioni sopra indicate. Si raccomanda in ogni caso gli azionisti di verificare con i propri consulenti l&#8217;applicabilit\u00e0 caso per caso dei suddetti obblighi.<\/p>\t\t\t\t\t\t\t\t<\/div>\n\t\t\t\t<\/div>\n\t\t\t\t\t<\/div>\n\t\t<\/div>\n\t\t\t\t\t<\/div>\n\t\t<\/section>\n\t\t\t\t<\/div>\n\t\t","protected":false},"excerpt":{"rendered":"<p>AZIONARIATO Obblighi informativi degli Azionisti Significativi Ai sensi del Regolamento Emittenti AIM Italia, Alfio Bardolla Training Group S.p.A (la &#8220;Societ\u00e0&#8221;) deve comunicare senza indugio e mettere a disposizione del pubblico qualunque Cambiamento Sostanziale comunicato dagli Azionisti Significativi in materia di assetti proprietari. Ai sensi del Regolamento Emittenti AIM Italia, chiunque detenga almeno il 5% di &hellip; <a href=\"https:\/\/www.alfiobardolla.com\/investor\/informazioni-per-azionisti\/\" class=\"more-link\">Leggi tutto<span class=\"screen-reader-text\"> &#8220;Informazioni per azionisti&#8221;<\/span><\/a><\/p>\n","protected":false},"author":1,"featured_media":0,"parent":0,"menu_order":0,"comment_status":"closed","ping_status":"closed","template":"","meta":{"footnotes":""},"class_list":["post-146","page","type-page","status-publish","hentry"],"_links":{"self":[{"href":"https:\/\/www.alfiobardolla.com\/investor\/wp-json\/wp\/v2\/pages\/146","targetHints":{"allow":["GET"]}}],"collection":[{"href":"https:\/\/www.alfiobardolla.com\/investor\/wp-json\/wp\/v2\/pages"}],"about":[{"href":"https:\/\/www.alfiobardolla.com\/investor\/wp-json\/wp\/v2\/types\/page"}],"author":[{"embeddable":true,"href":"https:\/\/www.alfiobardolla.com\/investor\/wp-json\/wp\/v2\/users\/1"}],"replies":[{"embeddable":true,"href":"https:\/\/www.alfiobardolla.com\/investor\/wp-json\/wp\/v2\/comments?post=146"}],"version-history":[{"count":3,"href":"https:\/\/www.alfiobardolla.com\/investor\/wp-json\/wp\/v2\/pages\/146\/revisions"}],"predecessor-version":[{"id":2951,"href":"https:\/\/www.alfiobardolla.com\/investor\/wp-json\/wp\/v2\/pages\/146\/revisions\/2951"}],"wp:attachment":[{"href":"https:\/\/www.alfiobardolla.com\/investor\/wp-json\/wp\/v2\/media?parent=146"}],"curies":[{"name":"wp","href":"https:\/\/api.w.org\/{rel}","templated":true}]}}